{"id":1199,"date":"2022-01-05T15:23:50","date_gmt":"2022-01-05T14:23:50","guid":{"rendered":"https:\/\/www.gtdream.fr\/supercar-experience-2021-copy\/"},"modified":"2026-02-11T10:29:35","modified_gmt":"2026-02-11T09:29:35","slug":"supercar-experience-ventoux","status":"publish","type":"page","link":"https:\/\/www.gtdream.fr\/en\/supercar-experience-ventoux\/","title":{"rendered":"Supercar Exp\u00e9rience"},"content":{"rendered":"<p>[vc_row full_width=&#8221;stretch_row_content_no_spaces&#8221; css=&#8221;.vc_custom_1578995088039{margin-top: 80px !important;}&#8221;][vc_column]\n<div id=\"rev_slider_6_1_wrapper\" class=\"rev_slider_wrapper fullwidthbanner-container\" data-source=\"gallery\" style=\"margin:0px auto;background:transparent;padding:0px;margin-top:0px;margin-bottom:0px;\">\n<!-- START REVOLUTION SLIDER 5.4.8 auto mode -->\n\t<div id=\"rev_slider_6_1\" class=\"rev_slider fullwidthabanner\" style=\"display:none;\" data-version=\"5.4.8\">\n<ul>\t<!-- SLIDE  -->\n\t<li data-index=\"rs-6\" data-transition=\"fade\" data-slotamount=\"default\" data-hideafterloop=\"0\" data-hideslideonmobile=\"off\"  data-easein=\"default\" data-easeout=\"default\" data-masterspeed=\"300\"  data-rotate=\"0\"  data-saveperformance=\"off\"  data-title=\"Slide\" data-param1=\"\" data-param2=\"\" data-param3=\"\" data-param4=\"\" data-param5=\"\" data-param6=\"\" data-param7=\"\" data-param8=\"\" data-param9=\"\" data-param10=\"\" data-description=\"\">\n\t\t<!-- MAIN IMAGE -->\n\t\t<img loading=\"lazy\" decoding=\"async\" src=\"https:\/\/www.gtdream.fr\/wp-content\/uploads\/2024\/01\/DCS7609.jpg\"  alt=\"\" title=\"_DCS7609\"  width=\"1000\" height=\"556\" data-bgposition=\"center center\" data-bgfit=\"cover\" data-bgrepeat=\"no-repeat\" class=\"rev-slidebg\" data-no-retina>\n\t\t<!-- LAYERS -->\n\t<\/li>\n<\/ul>\n<div class=\"tp-bannertimer tp-bottom\" style=\"visibility: hidden !important;\"><\/div>\t<\/div>\n<script>var htmlDiv = document.getElementById(\"rs-plugin-settings-inline-css\"); var htmlDivCss=\"\";\r\n\t\t\t\tif(htmlDiv) {\r\n\t\t\t\t\thtmlDiv.innerHTML = htmlDiv.innerHTML + htmlDivCss;\r\n\t\t\t\t}else{\r\n\t\t\t\t\tvar htmlDiv = document.createElement(\"div\");\r\n\t\t\t\t\thtmlDiv.innerHTML = \"<style>\" + htmlDivCss + \"<\/style>\";\r\n\t\t\t\t\tdocument.getElementsByTagName(\"head\")[0].appendChild(htmlDiv.childNodes[0]);\r\n\t\t\t\t}\r\n\t\t\t<\/script>\n\t\t<script type=\"text\/javascript\">\r\nif (setREVStartSize!==undefined) setREVStartSize(\r\n\t{c: '#rev_slider_6_1', responsiveLevels: [1240,1240,1240,480], gridwidth: [1920,1920,1920,480], gridheight: [483,483,483,300], sliderLayout: 'auto'});\r\n\t\t\t\r\nvar revapi6,\r\n\ttpj;\t\r\n(function() {\t\t\t\r\n\tif (!\/loaded|interactive|complete\/.test(document.readyState)) document.addEventListener(\"DOMContentLoaded\",onLoad); else onLoad();\t\r\n\tfunction onLoad() {\t\t\t\t\r\n\t\tif (tpj===undefined) { tpj = jQuery; if(\"off\" == \"on\") tpj.noConflict();}\r\n\tif(tpj(\"#rev_slider_6_1\").revolution == undefined){\n\t\trevslider_showDoubleJqueryError(\"#rev_slider_6_1\");\n\t}else{\n\t\trevapi6 = tpj(\"#rev_slider_6_1\").show().revolution({\n\t\t\tsliderType:\"standard\",\n\t\t\tjsFileLocation:\"\/\/www.gtdream.fr\/wp-content\/plugins\/revslider\/public\/assets\/js\/\",\n\t\t\tsliderLayout:\"auto\",\n\t\t\tdottedOverlay:\"none\",\n\t\t\tdelay:9000,\n\t\t\tnavigation: {\n\t\t\t\tonHoverStop:\"off\",\n\t\t\t},\n\t\t\tresponsiveLevels:[1240,1240,1240,480],\n\t\t\tvisibilityLevels:[1240,1240,1240,480],\n\t\t\tgridwidth:[1920,1920,1920,480],\n\t\t\tgridheight:[483,483,483,300],\n\t\t\tlazyType:\"none\",\n\t\t\tshadow:0,\n\t\t\tspinner:\"spinner0\",\n\t\t\tstopLoop:\"off\",\n\t\t\tstopAfterLoops:-1,\n\t\t\tstopAtSlide:-1,\n\t\t\tshuffle:\"off\",\n\t\t\tautoHeight:\"on\",\n\t\t\tdisableProgressBar:\"on\",\n\t\t\thideThumbsOnMobile:\"off\",\n\t\t\thideSliderAtLimit:0,\n\t\t\thideCaptionAtLimit:0,\n\t\t\thideAllCaptionAtLilmit:0,\n\t\t\tdebugMode:false,\n\t\t\tfallbacks: {\n\t\t\t\tsimplifyAll:\"off\",\n\t\t\t\tnextSlideOnWindowFocus:\"off\",\n\t\t\t\tdisableFocusListener:false,\n\t\t\t}\n\t\t});\n\t}; \/* END OF revapi call *\/\n\t\n }; \/* END OF ON LOAD FUNCTION *\/\r\n}()); \/* END OF WRAPPING FUNCTION *\/\r\n<\/script>\r\n\t\t<\/div><!-- END REVOLUTION SLIDER -->[\/vc_column][\/vc_row][vc_row full_width=&#8221;stretch_row&#8221; wrap_container=&#8221;yes&#8221; is_section=&#8221;yes&#8221; css=&#8221;.vc_custom_1581092542289{margin-top: -20px !important;padding-bottom: 0px !important;background-image: url(https:\/\/www.gtdream.fr\/wp-content\/uploads\/2020\/01\/1-2.jpg?id=199) !important;background-position: center !important;background-repeat: no-repeat !important;background-size: cover !important;}&#8221; el_class=&#8221;order-history&#8221;][vc_column width=&#8221;1\/6&#8243;][\/vc_column][vc_column width=&#8221;2\/3&#8243;][vc_single_image image=&#8221;561&#8243; img_size=&#8221;150&#215;150&#8243; alignment=&#8221;center&#8221;]<div class=\"porto-u-heading white\" data-hspacer=\"no_spacer\" data-halign=\"center\" style=\"text-align:center\"><div class=\"porto-u-main-heading\"><h2 style=\"font-weight:700;font-size:25px;line-height:50px;\">PROGRAMME DE LA JOURNEE<\/h2><\/div><\/div>[vc_column_text el_class=&#8221;white&#8221;]<\/p>\n<div style=\"text-align: justify;\">LE SUPERCAR EXPERIENCE est un rassemblement de 40 \u00e0 50 sportives, GT, supercars et hypercars. Cette ann\u00e9e,<strong> le Supercar Exp\u00e9rience se fera sur le trac\u00e9 de la course de c\u00f4te de Bagnols\/Sabran<\/strong>. Des bapt\u00eames passagers sont organis\u00e9s toute l&#8217;apr\u00e8s midi et les b\u00e9n\u00e9fices de ces derniers sont revers\u00e9s \u00e0 l&#8217;\u0153uvre des pupilles des pompiers.<\/div>\n<div><\/div>\n<div style=\"text-align: justify;\">L&#8217;organisation est identique \u00e0 celle d&#8217;une course de c\u00f4te sans la notion de chrono. Sont sur place 20 commissaires de piste officiel FFSA avec extincteur, une ambulance, les pompiers, une d\u00e9panneuse, un m\u00e9decin urgentiste, un relai radio d\u00e9di\u00e9.<\/div>\n<div><\/div>\n<div style=\"text-align: justify;\">Le but est de faire d\u00e9couvrir l&#8217;univers de la GT aux passionn\u00e9s qui n&#8217;en ont pas les moyens, dans des conditions optimales de s\u00e9curit\u00e9 puisque la route est ferm\u00e9e. Les droits d&#8217;engagement (participation aux frais d&#8217;organisation) sont de 270\u20ac par pilote et son auto, donnant acc\u00e8s \u00e0 la manifestation, au petit d\u00e9jeuner, au d\u00e9jeuner et au pot de cl\u00f4ture. Si vous avez un accompagnant c&#8217;est 70\u20ac lui donnant acc\u00e8s au parc ferm\u00e9 et aux petit d\u00e9jeuner, d\u00e9jeuner et pot de cl\u00f4ture.<\/div>\n<div><\/div>\n<div style=\"text-align: justify;\">Il y a un d\u00e9part au feu toute les 45 secondes pour vous faire plaisir durant les 6 km de la mont\u00e9e. La redescente se fait en convois sous safety car. Entre 8 et 12 mont\u00e9es sont \u00e0 pr\u00e9voir dans la journ\u00e9e (selon conditions).<\/div>\n<p>[\/vc_column_text][vc_column_text el_class=&#8221;white&#8221;]<\/p>\n<div><strong><span style=\"font-family: arial, sans-serif;\">Programme :\u00a0<\/span><\/strong><\/div>\n<div>\n<ul>\n<li><b>8h00 &#8211; 8h30 :<\/b>\u00a0Accueil des participants au Chalet Reynard.<\/li>\n<li><b>8h30 &#8211; 9h00 : <\/b>Petit d\u00e9jeuner<\/li>\n<li><b>9h00 &#8211; 12h00 :<\/b> Road trip routier autour du Ventoux<\/li>\n<li><b>12h00 &#8211; 13h00 :<\/b> D\u00e9jeuner<\/li>\n<li><b>13h00 &#8211; 13h30 :<\/b> Mont\u00e9e de reconnaissance<\/li>\n<li><b>13h30 &#8211; 18h00 :<\/b> Bapt\u00eames NON STOP<\/li>\n<li><b>18h00 &#8211; 20h00 :<\/b>\u00a0Fin de la manifestation et pot de cl\u00f4ture.<\/li>\n<\/ul>\n<\/div>\n<p>[\/vc_column_text][\/vc_column][vc_column width=&#8221;1\/6&#8243;][\/vc_column][\/vc_row][vc_row css=&#8221;.vc_custom_1610102327010{padding-top: 35px !important;padding-bottom: 35px !important;}&#8221;][vc_column width=&#8221;1\/4&#8243;][\/vc_column][vc_column width=&#8221;1\/2&#8243;][vc_btn title=&#8221;Bulletin d&#8217;inscription&#8221; shape=&#8221;rounded&#8221; color=&#8221;white&#8221; size=&#8221;xl&#8221; align=&#8221;center&#8221; link=&#8221;url:https%3A%2F%2Fwww.gtdream.fr%2Fwp-content%2Fuploads%2F2026%2F01%2FBulletin-inscription-Supercar-Experience.pdf||target:%20_blank|&#8221;][\/vc_column][vc_column width=&#8221;1\/4&#8243;][\/vc_column][\/vc_row][vc_row][vc_column width=&#8221;1\/2&#8243;][vc_video link=&#8221;https:\/\/www.youtube.com\/watch?v=Ta2niNImNCA&#8221; align=&#8221;center&#8221;][\/vc_column][vc_column width=&#8221;1\/2&#8243;][vc_video link=&#8221;https:\/\/www.youtube.com\/watch?v=fzCyFWNTFYM&#8221; align=&#8221;center&#8221;][\/vc_column][\/vc_row][vc_row][vc_column width=&#8221;1\/2&#8243;][vc_video link=&#8221;https:\/\/www.youtube.com\/watch?v=HblP7RmmOgM&#8221; align=&#8221;center&#8221;][\/vc_column][vc_column width=&#8221;1\/2&#8243;][vc_single_image image=&#8221;1305&#8243; img_size=&#8221;medium&#8221; alignment=&#8221;center&#8221;][vc_video link=&#8221;https:\/\/youtu.be\/9nHjiyTohjg&#8221; align=&#8221;center&#8221;][\/vc_column][\/vc_row]<\/p>\n","protected":false},"excerpt":{"rendered":"<p>[vc_row full_width=&#8221;stretch_row_content_no_spaces&#8221; css=&#8221;.vc_custom_1578995088039{margin-top: 80px !important;}&#8221;][vc_column][\/vc_column][\/vc_row][vc_row full_width=&#8221;stretch_row&#8221; wrap_container=&#8221;yes&#8221; is_section=&#8221;yes&#8221; css=&#8221;.vc_custom_1581092542289{margin-top: -20px !important;padding-bottom: 0px !important;background-image: url(https:\/\/www.gtdream.fr\/wp-content\/uploads\/2020\/01\/1-2.jpg?id=199) !important;background-position: center !important;background-repeat: no-repeat !important;background-size: cover !important;}&#8221; el_class=&#8221;order-history&#8221;][vc_column width=&#8221;1\/6&#8243;][\/vc_column][vc_column width=&#8221;2\/3&#8243;][vc_single_image image=&#8221;561&#8243; img_size=&#8221;150&#215;150&#8243; alignment=&#8221;center&#8221;][vc_column_text el_class=&#8221;white&#8221;] LE SUPERCAR EXPERIENCE est un rassemblement de 40 \u00e0 50 sportives, GT, supercars et hypercars. Cette ann\u00e9e, le Supercar Exp\u00e9rience se fera sur le trac\u00e9 de la [&hellip;]<\/p>\n","protected":false},"author":1,"featured_media":0,"parent":0,"menu_order":0,"comment_status":"closed","ping_status":"closed","template":"","meta":{"footnotes":""},"class_list":["post-1199","page","type-page","status-publish","hentry"],"yoast_head":"<!-- This site is optimized with the Yoast SEO plugin v26.8 - https:\/\/yoast.com\/product\/yoast-seo-wordpress\/ -->\n<title>Supercar Exp\u00e9rience - www.gtdream.fr<\/title>\n<meta name=\"robots\" content=\"index, follow, max-snippet:-1, max-image-preview:large, max-video-preview:-1\" \/>\n<link rel=\"canonical\" href=\"https:\/\/www.gtdream.fr\/en\/supercar-experience-ventoux\/\" \/>\n<meta property=\"og:locale\" content=\"en_US\" \/>\n<meta property=\"og:locale:alternate\" content=\"fr_FR\" \/>\n<meta property=\"og:type\" content=\"article\" \/>\n<meta property=\"og:title\" content=\"Supercar Exp\u00e9rience\" \/>\n<meta property=\"og:description\" content=\"[vc_row full_width=&#8221;stretch_row_content_no_spaces&#8221; css=&#8221;.vc_custom_1578995088039{margin-top: 80px !important;}&#8221;][vc_column][\/vc_column][\/vc_row][vc_row full_width=&#8221;stretch_row&#8221; wrap_container=&#8221;yes&#8221; is_section=&#8221;yes&#8221; css=&#8221;.vc_custom_1581092542289{margin-top: -20px !important;padding-bottom: 0px !important;background-image: url(https:\/\/www.gtdream.fr\/wp-content\/uploads\/2020\/01\/1-2.jpg?id=199) !important;background-position: center !important;background-repeat: no-repeat !important;background-size: cover !important;}&#8221; el_class=&#8221;order-history&#8221;][vc_column width=&#8221;1\/6&#8243;][\/vc_column][vc_column width=&#8221;2\/3&#8243;][vc_single_image image=&#8221;561&#8243; img_size=&#8221;150&#215;150&#8243; alignment=&#8221;center&#8221;][vc_column_text el_class=&#8221;white&#8221;] LE SUPERCAR EXPERIENCE est un rassemblement de 40 \u00e0 50 sportives, GT, supercars et hypercars. Cette ann\u00e9e, le Supercar Exp\u00e9rience se fera sur le trac\u00e9 de la [&hellip;]\" \/>\n<meta property=\"og:url\" content=\"https:\/\/www.gtdream.fr\/en\/supercar-experience-ventoux\/\" \/>\n<meta property=\"og:site_name\" content=\"www.gtdream.fr\" \/>\n<meta property=\"article:modified_time\" content=\"2026-02-11T09:29:35+00:00\" \/>\n<meta name=\"twitter:card\" content=\"summary_large_image\" \/>\n<meta name=\"twitter:label1\" content=\"Est. reading time\" \/>\n\t<meta name=\"twitter:data1\" content=\"2 minutes\" \/>\n<script type=\"application\/ld+json\" class=\"yoast-schema-graph\">{\"@context\":\"https:\/\/schema.org\",\"@graph\":[{\"@type\":\"WebPage\",\"@id\":\"https:\/\/www.gtdream.fr\/supercar-experience-ventoux\/\",\"url\":\"https:\/\/www.gtdream.fr\/supercar-experience-ventoux\/\",\"name\":\"Supercar Exp\u00e9rience\",\"isPartOf\":{\"@id\":\"https:\/\/www.gtdream.fr\/#website\"},\"datePublished\":\"2022-01-05T14:23:50+00:00\",\"dateModified\":\"2026-02-11T09:29:35+00:00\",\"breadcrumb\":{\"@id\":\"https:\/\/www.gtdream.fr\/supercar-experience-ventoux\/#breadcrumb\"},\"inLanguage\":\"en-US\",\"potentialAction\":[{\"@type\":\"ReadAction\",\"target\":[\"https:\/\/www.gtdream.fr\/supercar-experience-ventoux\/\"]}]},{\"@type\":\"BreadcrumbList\",\"@id\":\"https:\/\/www.gtdream.fr\/supercar-experience-ventoux\/#breadcrumb\",\"itemListElement\":[{\"@type\":\"ListItem\",\"position\":1,\"name\":\"Accueil\",\"item\":\"https:\/\/www.gtdream.fr\/\"},{\"@type\":\"ListItem\",\"position\":2,\"name\":\"Supercar Exp\u00e9rience\"}]},{\"@type\":\"WebSite\",\"@id\":\"https:\/\/www.gtdream.fr\/#website\",\"url\":\"https:\/\/www.gtdream.fr\/\",\"name\":\"www.gtdream.fr\",\"description\":\"\",\"potentialAction\":[{\"@type\":\"SearchAction\",\"target\":{\"@type\":\"EntryPoint\",\"urlTemplate\":\"https:\/\/www.gtdream.fr\/?s={search_term_string}\"},\"query-input\":{\"@type\":\"PropertyValueSpecification\",\"valueRequired\":true,\"valueName\":\"search_term_string\"}}],\"inLanguage\":\"en-US\"}]}<\/script>\n<!-- \/ Yoast SEO plugin. -->","yoast_head_json":{"title":"Supercar Exp\u00e9rience - www.gtdream.fr","robots":{"index":"index","follow":"follow","max-snippet":"max-snippet:-1","max-image-preview":"max-image-preview:large","max-video-preview":"max-video-preview:-1"},"canonical":"https:\/\/www.gtdream.fr\/en\/supercar-experience-ventoux\/","og_locale":"en_US","og_type":"article","og_title":"[:fr]Supercar Exp\u00e9rience[:] - www.gtdream.fr","og_description":"[vc_row full_width=&#8221;stretch_row_content_no_spaces&#8221; css=&#8221;.vc_custom_1578995088039{margin-top: 80px !important;}&#8221;][vc_column][\/vc_column][\/vc_row][vc_row full_width=&#8221;stretch_row&#8221; wrap_container=&#8221;yes&#8221; is_section=&#8221;yes&#8221; css=&#8221;.vc_custom_1581092542289{margin-top: -20px !important;padding-bottom: 0px !important;background-image: url(https:\/\/www.gtdream.fr\/wp-content\/uploads\/2020\/01\/1-2.jpg?id=199) !important;background-position: center !important;background-repeat: no-repeat !important;background-size: cover !important;}&#8221; el_class=&#8221;order-history&#8221;][vc_column width=&#8221;1\/6&#8243;][\/vc_column][vc_column width=&#8221;2\/3&#8243;][vc_single_image image=&#8221;561&#8243; img_size=&#8221;150&#215;150&#8243; alignment=&#8221;center&#8221;][vc_column_text el_class=&#8221;white&#8221;] LE SUPERCAR EXPERIENCE est un rassemblement de 40 \u00e0 50 sportives, GT, supercars et hypercars. Cette ann\u00e9e, le Supercar Exp\u00e9rience se fera sur le trac\u00e9 de la [&hellip;]","og_url":"https:\/\/www.gtdream.fr\/en\/supercar-experience-ventoux\/","og_site_name":"www.gtdream.fr","article_modified_time":"2026-02-11T09:29:35+00:00","twitter_card":"summary_large_image","twitter_misc":{"Est. reading time":"2 minutes"},"schema":{"@context":"https:\/\/schema.org","@graph":[{"@type":"WebPage","@id":"https:\/\/www.gtdream.fr\/supercar-experience-ventoux\/","url":"https:\/\/www.gtdream.fr\/supercar-experience-ventoux\/","name":"Supercar Exp\u00e9rience","isPartOf":{"@id":"https:\/\/www.gtdream.fr\/#website"},"datePublished":"2022-01-05T14:23:50+00:00","dateModified":"2026-02-11T09:29:35+00:00","breadcrumb":{"@id":"https:\/\/www.gtdream.fr\/supercar-experience-ventoux\/#breadcrumb"},"inLanguage":"en-US","potentialAction":[{"@type":"ReadAction","target":["https:\/\/www.gtdream.fr\/supercar-experience-ventoux\/"]}]},{"@type":"BreadcrumbList","@id":"https:\/\/www.gtdream.fr\/supercar-experience-ventoux\/#breadcrumb","itemListElement":[{"@type":"ListItem","position":1,"name":"Accueil","item":"https:\/\/www.gtdream.fr\/"},{"@type":"ListItem","position":2,"name":"Supercar Exp\u00e9rience"}]},{"@type":"WebSite","@id":"https:\/\/www.gtdream.fr\/#website","url":"https:\/\/www.gtdream.fr\/","name":"www.gtdream.fr","description":"","potentialAction":[{"@type":"SearchAction","target":{"@type":"EntryPoint","urlTemplate":"https:\/\/www.gtdream.fr\/?s={search_term_string}"},"query-input":{"@type":"PropertyValueSpecification","valueRequired":true,"valueName":"search_term_string"}}],"inLanguage":"en-US"}]}},"_links":{"self":[{"href":"https:\/\/www.gtdream.fr\/en\/wp-json\/wp\/v2\/pages\/1199","targetHints":{"allow":["GET"]}}],"collection":[{"href":"https:\/\/www.gtdream.fr\/en\/wp-json\/wp\/v2\/pages"}],"about":[{"href":"https:\/\/www.gtdream.fr\/en\/wp-json\/wp\/v2\/types\/page"}],"author":[{"embeddable":true,"href":"https:\/\/www.gtdream.fr\/en\/wp-json\/wp\/v2\/users\/1"}],"replies":[{"embeddable":true,"href":"https:\/\/www.gtdream.fr\/en\/wp-json\/wp\/v2\/comments?post=1199"}],"version-history":[{"count":25,"href":"https:\/\/www.gtdream.fr\/en\/wp-json\/wp\/v2\/pages\/1199\/revisions"}],"predecessor-version":[{"id":1400,"href":"https:\/\/www.gtdream.fr\/en\/wp-json\/wp\/v2\/pages\/1199\/revisions\/1400"}],"wp:attachment":[{"href":"https:\/\/www.gtdream.fr\/en\/wp-json\/wp\/v2\/media?parent=1199"}],"curies":[{"name":"wp","href":"https:\/\/api.w.org\/{rel}","templated":true}]}}