{"id":1330,"date":"2025-02-26T14:29:27","date_gmt":"2025-02-26T13:29:27","guid":{"rendered":"https:\/\/www.gtdream.fr\/ventoux-supercar-2024-copy\/"},"modified":"2026-01-22T11:56:00","modified_gmt":"2026-01-22T10:56:00","slug":"ardeche-supercar","status":"publish","type":"page","link":"https:\/\/www.gtdream.fr\/en\/ardeche-supercar\/","title":{"rendered":"Ard\u00e8che Supercar"},"content":{"rendered":"<p>[vc_row full_width=&#8221;stretch_row_content_no_spaces&#8221; css=&#8221;.vc_custom_1578995088039{margin-top: 80px !important;}&#8221;][vc_column]\n<div id=\"rev_slider_15_1_wrapper\" class=\"rev_slider_wrapper fullwidthbanner-container\" data-source=\"gallery\" style=\"margin:0px auto;background:transparent;padding:0px;margin-top:0px;margin-bottom:0px;\">\n<!-- START REVOLUTION SLIDER 5.4.8 auto mode -->\n\t<div id=\"rev_slider_15_1\" class=\"rev_slider fullwidthabanner\" style=\"display:none;\" data-version=\"5.4.8\">\n<ul>\t<!-- SLIDE  -->\n\t<li data-index=\"rs-16\" data-transition=\"fade\" data-slotamount=\"default\" data-hideafterloop=\"0\" data-hideslideonmobile=\"off\"  data-easein=\"default\" data-easeout=\"default\" data-masterspeed=\"300\"  data-rotate=\"0\"  data-saveperformance=\"off\"  data-title=\"Slide\" data-param1=\"\" data-param2=\"\" data-param3=\"\" data-param4=\"\" data-param5=\"\" data-param6=\"\" data-param7=\"\" data-param8=\"\" data-param9=\"\" data-param10=\"\" data-description=\"\">\n\t\t<!-- MAIN IMAGE -->\n\t\t<img loading=\"lazy\" decoding=\"async\" src=\"https:\/\/www.gtdream.fr\/wp-content\/uploads\/2020\/07\/SupercarexperienceHD_christopheabbes201sur211.jpg\"  alt=\"\" title=\"SupercarexperienceHD_christopheabbes (16 sur 211)\"  width=\"998\" height=\"352\" data-bgposition=\"center center\" data-bgfit=\"cover\" data-bgrepeat=\"no-repeat\" class=\"rev-slidebg\" data-no-retina>\n\t\t<!-- LAYERS -->\n\t<\/li>\n<\/ul>\n<div class=\"tp-bannertimer tp-bottom\" style=\"visibility: hidden !important;\"><\/div>\t<\/div>\n<script>var htmlDiv = document.getElementById(\"rs-plugin-settings-inline-css\"); var htmlDivCss=\"\";\r\n\t\t\t\tif(htmlDiv) {\r\n\t\t\t\t\thtmlDiv.innerHTML = htmlDiv.innerHTML + htmlDivCss;\r\n\t\t\t\t}else{\r\n\t\t\t\t\tvar htmlDiv = document.createElement(\"div\");\r\n\t\t\t\t\thtmlDiv.innerHTML = \"<style>\" + htmlDivCss + \"<\/style>\";\r\n\t\t\t\t\tdocument.getElementsByTagName(\"head\")[0].appendChild(htmlDiv.childNodes[0]);\r\n\t\t\t\t}\r\n\t\t\t<\/script>\n\t\t<script type=\"text\/javascript\">\r\nif (setREVStartSize!==undefined) setREVStartSize(\r\n\t{c: '#rev_slider_15_1', responsiveLevels: [1240,1240,1240,480], gridwidth: [1474,1474,1474,480], gridheight: [483,483,483,300], sliderLayout: 'auto'});\r\n\t\t\t\r\nvar revapi15,\r\n\ttpj;\t\r\n(function() {\t\t\t\r\n\tif (!\/loaded|interactive|complete\/.test(document.readyState)) document.addEventListener(\"DOMContentLoaded\",onLoad); else onLoad();\t\r\n\tfunction onLoad() {\t\t\t\t\r\n\t\tif (tpj===undefined) { tpj = jQuery; if(\"off\" == \"on\") tpj.noConflict();}\r\n\tif(tpj(\"#rev_slider_15_1\").revolution == undefined){\n\t\trevslider_showDoubleJqueryError(\"#rev_slider_15_1\");\n\t}else{\n\t\trevapi15 = tpj(\"#rev_slider_15_1\").show().revolution({\n\t\t\tsliderType:\"standard\",\n\t\t\tjsFileLocation:\"\/\/www.gtdream.fr\/wp-content\/plugins\/revslider\/public\/assets\/js\/\",\n\t\t\tsliderLayout:\"auto\",\n\t\t\tdottedOverlay:\"none\",\n\t\t\tdelay:9000,\n\t\t\tnavigation: {\n\t\t\t\tonHoverStop:\"off\",\n\t\t\t},\n\t\t\tresponsiveLevels:[1240,1240,1240,480],\n\t\t\tvisibilityLevels:[1240,1240,1240,480],\n\t\t\tgridwidth:[1474,1474,1474,480],\n\t\t\tgridheight:[483,483,483,300],\n\t\t\tlazyType:\"none\",\n\t\t\tshadow:0,\n\t\t\tspinner:\"spinner0\",\n\t\t\tstopLoop:\"off\",\n\t\t\tstopAfterLoops:-1,\n\t\t\tstopAtSlide:-1,\n\t\t\tshuffle:\"off\",\n\t\t\tautoHeight:\"on\",\n\t\t\tdisableProgressBar:\"on\",\n\t\t\thideThumbsOnMobile:\"off\",\n\t\t\thideSliderAtLimit:0,\n\t\t\thideCaptionAtLimit:0,\n\t\t\thideAllCaptionAtLilmit:0,\n\t\t\tdebugMode:false,\n\t\t\tfallbacks: {\n\t\t\t\tsimplifyAll:\"off\",\n\t\t\t\tnextSlideOnWindowFocus:\"off\",\n\t\t\t\tdisableFocusListener:false,\n\t\t\t}\n\t\t});\n\t}; \/* END OF revapi call *\/\n\t\n }; \/* END OF ON LOAD FUNCTION *\/\r\n}()); \/* END OF WRAPPING FUNCTION *\/\r\n<\/script>\r\n\t\t<\/div><!-- END REVOLUTION SLIDER -->[\/vc_column][\/vc_row][vc_row wrap_container=&#8221;yes&#8221; css=&#8221;.vc_custom_1581092237355{margin-top: -30px !important;margin-bottom: -30px !important;padding-top: 50px !important;}&#8221;][vc_column width=&#8221;5\/6&#8243; offset=&#8221;vc_col-md-offset-2 vc_col-md-8 vc_col-sm-offset-1&#8243;][vc_single_image image=&#8221;1337&#8243; img_size=&#8221;150&#215;150&#8243; alignment=&#8221;center&#8221;]<div class=\"porto-u-heading white\" data-hspacer=\"no_spacer\" data-halign=\"center\" style=\"text-align:center\"><div class=\"porto-u-main-heading\"><h2 style=\"font-weight:700;font-size:25px;line-height:50px;\">PROGRAMME DE LA JOURNEE<\/h2><\/div><div class=\"porto-u-sub-heading\" style=\"\">LIMIT\u00c9 \u00c0 40 AUTOS<\/p>\n<p style=\"text-align: justify;\">Rassemblement de GT et Supercar, 2 sessions sp\u00e9ciales sur route ferm\u00e9e (9h-12h \/ 14h-18h). Vous aurez le plaisir d&#8217;avoir 6 km d&#8217;asphalte refais \u00e0 neuf pour vous tout seul toute la journ\u00e9e. A proximit\u00e9 de M\u00e9jannes-le-Clap. Chaque kilom\u00e8tre parcouru par chaque auto durant les sp\u00e9ciales \u00e9quivaudra \u00e0 1 Euro revers\u00e9 \u00e0 l&#8217;\u0153uvre des Pupilles des Pompiers. Les sp\u00e9ciales seront parcourues plusieurs fois en aller\/retour fa\u00e7on course de c\u00f4te. L&#8217;organisation et le d\u00e9roulement des sp\u00e9ciales est identique \u00e0 celle d&#8217;une course de c\u00f4te sans la notion de chronom\u00e8tre. Sont pr\u00e9sents sur place commissaires de pistes licenci\u00e9s FFSA, extincteurs, d\u00e9panneuse, ambulance, pompiers, m\u00e9decin urgentiste, relai radio d\u00e9di\u00e9 afin d&#8217;assurer votre s\u00e9curit\u00e9.<\/p>\n<p><\/div><\/div>[\/vc_column][\/vc_row][vc_row full_width=&#8221;stretch_row&#8221; wrap_container=&#8221;yes&#8221; is_section=&#8221;yes&#8221; css=&#8221;.vc_custom_1578997649984{padding-bottom: 50px !important;background-image: url(https:\/\/www.gtdream.fr\/wp-content\/uploads\/2020\/01\/1-2.jpg?id=199) !important;background-position: center !important;background-repeat: no-repeat !important;background-size: cover !important;}&#8221; el_class=&#8221;order-history&#8221;][vc_column width=&#8221;1\/3&#8243;][\/vc_column][vc_column width=&#8221;1\/3&#8243;][vc_btn title=&#8221;Bulletin d&#8217;inscription&#8221; shape=&#8221;rounded&#8221; color=&#8221;danger&#8221; align=&#8221;center&#8221; link=&#8221;url:https%3A%2F%2Fwww.gtdream.fr%2Fwp-content%2Fuploads%2F2026%2F01%2FBulletin-inscription-Ardeche-supercar.pdf||target:%20_blank|&#8221;][\/vc_column][vc_column width=&#8221;1\/3&#8243;][\/vc_column][\/vc_row]<\/p>\n","protected":false},"excerpt":{"rendered":"<p>[vc_row full_width=&#8221;stretch_row_content_no_spaces&#8221; css=&#8221;.vc_custom_1578995088039{margin-top: 80px !important;}&#8221;][vc_column][\/vc_column][\/vc_row][vc_row wrap_container=&#8221;yes&#8221; css=&#8221;.vc_custom_1581092237355{margin-top: -30px !important;margin-bottom: -30px !important;padding-top: 50px !important;}&#8221;][vc_column width=&#8221;5\/6&#8243; offset=&#8221;vc_col-md-offset-2 vc_col-md-8 vc_col-sm-offset-1&#8243;][vc_single_image image=&#8221;1337&#8243; img_size=&#8221;150&#215;150&#8243; alignment=&#8221;center&#8221;][\/vc_column][\/vc_row][vc_row full_width=&#8221;stretch_row&#8221; wrap_container=&#8221;yes&#8221; is_section=&#8221;yes&#8221; css=&#8221;.vc_custom_1578997649984{padding-bottom: 50px !important;background-image: url(https:\/\/www.gtdream.fr\/wp-content\/uploads\/2020\/01\/1-2.jpg?id=199) !important;background-position: center !important;background-repeat: no-repeat !important;background-size: cover !important;}&#8221; el_class=&#8221;order-history&#8221;][vc_column width=&#8221;1\/3&#8243;][\/vc_column][vc_column width=&#8221;1\/3&#8243;][vc_btn title=&#8221;Bulletin d&#8217;inscription&#8221; shape=&#8221;rounded&#8221; color=&#8221;danger&#8221; align=&#8221;center&#8221; link=&#8221;url:https%3A%2F%2Fwww.gtdream.fr%2Fwp-content%2Fuploads%2F2026%2F01%2FBulletin-inscription-Ardeche-supercar.pdf||target:%20_blank|&#8221;][\/vc_column][vc_column width=&#8221;1\/3&#8243;][\/vc_column][\/vc_row]<\/p>\n","protected":false},"author":1,"featured_media":0,"parent":0,"menu_order":0,"comment_status":"closed","ping_status":"closed","template":"","meta":{"footnotes":""},"class_list":["post-1330","page","type-page","status-publish","hentry"],"yoast_head":"<!-- This site is optimized with the Yoast SEO plugin v26.8 - https:\/\/yoast.com\/product\/yoast-seo-wordpress\/ -->\n<title>Ard\u00e8che Supercar - www.gtdream.fr<\/title>\n<meta name=\"robots\" content=\"index, follow, max-snippet:-1, max-image-preview:large, max-video-preview:-1\" \/>\n<link rel=\"canonical\" href=\"https:\/\/www.gtdream.fr\/en\/ardeche-supercar\/\" \/>\n<meta property=\"og:locale\" content=\"en_US\" \/>\n<meta property=\"og:locale:alternate\" content=\"fr_FR\" \/>\n<meta property=\"og:type\" content=\"article\" \/>\n<meta property=\"og:title\" content=\"Ard\u00e8che Supercar\" \/>\n<meta property=\"og:description\" content=\"[vc_row full_width=&#8221;stretch_row_content_no_spaces&#8221; css=&#8221;.vc_custom_1578995088039{margin-top: 80px !important;}&#8221;][vc_column][\/vc_column][\/vc_row][vc_row wrap_container=&#8221;yes&#8221; css=&#8221;.vc_custom_1581092237355{margin-top: -30px !important;margin-bottom: -30px !important;padding-top: 50px !important;}&#8221;][vc_column width=&#8221;5\/6&#8243; offset=&#8221;vc_col-md-offset-2 vc_col-md-8 vc_col-sm-offset-1&#8243;][vc_single_image image=&#8221;1337&#8243; img_size=&#8221;150&#215;150&#8243; alignment=&#8221;center&#8221;][\/vc_column][\/vc_row][vc_row full_width=&#8221;stretch_row&#8221; wrap_container=&#8221;yes&#8221; is_section=&#8221;yes&#8221; css=&#8221;.vc_custom_1578997649984{padding-bottom: 50px !important;background-image: url(https:\/\/www.gtdream.fr\/wp-content\/uploads\/2020\/01\/1-2.jpg?id=199) !important;background-position: center !important;background-repeat: no-repeat !important;background-size: cover !important;}&#8221; el_class=&#8221;order-history&#8221;][vc_column width=&#8221;1\/3&#8243;][\/vc_column][vc_column width=&#8221;1\/3&#8243;][vc_btn title=&#8221;Bulletin d&#8217;inscription&#8221; shape=&#8221;rounded&#8221; color=&#8221;danger&#8221; align=&#8221;center&#8221; link=&#8221;url:https%3A%2F%2Fwww.gtdream.fr%2Fwp-content%2Fuploads%2F2026%2F01%2FBulletin-inscription-Ardeche-supercar.pdf||target:%20_blank|&#8221;][\/vc_column][vc_column width=&#8221;1\/3&#8243;][\/vc_column][\/vc_row]\" \/>\n<meta property=\"og:url\" content=\"https:\/\/www.gtdream.fr\/en\/ardeche-supercar\/\" \/>\n<meta property=\"og:site_name\" content=\"www.gtdream.fr\" \/>\n<meta property=\"article:modified_time\" content=\"2026-01-22T10:56:00+00:00\" \/>\n<meta name=\"twitter:card\" content=\"summary_large_image\" \/>\n<meta name=\"twitter:label1\" content=\"Est. reading time\" \/>\n\t<meta name=\"twitter:data1\" content=\"1 minute\" \/>\n<script type=\"application\/ld+json\" class=\"yoast-schema-graph\">{\"@context\":\"https:\/\/schema.org\",\"@graph\":[{\"@type\":\"WebPage\",\"@id\":\"https:\/\/www.gtdream.fr\/ardeche-supercar\/\",\"url\":\"https:\/\/www.gtdream.fr\/ardeche-supercar\/\",\"name\":\"Ard\u00e8che Supercar\",\"isPartOf\":{\"@id\":\"https:\/\/www.gtdream.fr\/#website\"},\"datePublished\":\"2025-02-26T13:29:27+00:00\",\"dateModified\":\"2026-01-22T10:56:00+00:00\",\"breadcrumb\":{\"@id\":\"https:\/\/www.gtdream.fr\/ardeche-supercar\/#breadcrumb\"},\"inLanguage\":\"en-US\",\"potentialAction\":[{\"@type\":\"ReadAction\",\"target\":[\"https:\/\/www.gtdream.fr\/ardeche-supercar\/\"]}]},{\"@type\":\"BreadcrumbList\",\"@id\":\"https:\/\/www.gtdream.fr\/ardeche-supercar\/#breadcrumb\",\"itemListElement\":[{\"@type\":\"ListItem\",\"position\":1,\"name\":\"Accueil\",\"item\":\"https:\/\/www.gtdream.fr\/\"},{\"@type\":\"ListItem\",\"position\":2,\"name\":\"Ard\u00e8che Supercar\"}]},{\"@type\":\"WebSite\",\"@id\":\"https:\/\/www.gtdream.fr\/#website\",\"url\":\"https:\/\/www.gtdream.fr\/\",\"name\":\"www.gtdream.fr\",\"description\":\"\",\"potentialAction\":[{\"@type\":\"SearchAction\",\"target\":{\"@type\":\"EntryPoint\",\"urlTemplate\":\"https:\/\/www.gtdream.fr\/?s={search_term_string}\"},\"query-input\":{\"@type\":\"PropertyValueSpecification\",\"valueRequired\":true,\"valueName\":\"search_term_string\"}}],\"inLanguage\":\"en-US\"}]}<\/script>\n<!-- \/ Yoast SEO plugin. -->","yoast_head_json":{"title":"Ard\u00e8che Supercar - www.gtdream.fr","robots":{"index":"index","follow":"follow","max-snippet":"max-snippet:-1","max-image-preview":"max-image-preview:large","max-video-preview":"max-video-preview:-1"},"canonical":"https:\/\/www.gtdream.fr\/en\/ardeche-supercar\/","og_locale":"en_US","og_type":"article","og_title":"[:fr]Ard\u00e8che Supercar[:] - www.gtdream.fr","og_description":"[vc_row full_width=&#8221;stretch_row_content_no_spaces&#8221; css=&#8221;.vc_custom_1578995088039{margin-top: 80px !important;}&#8221;][vc_column][\/vc_column][\/vc_row][vc_row wrap_container=&#8221;yes&#8221; css=&#8221;.vc_custom_1581092237355{margin-top: -30px !important;margin-bottom: -30px !important;padding-top: 50px !important;}&#8221;][vc_column width=&#8221;5\/6&#8243; offset=&#8221;vc_col-md-offset-2 vc_col-md-8 vc_col-sm-offset-1&#8243;][vc_single_image image=&#8221;1337&#8243; img_size=&#8221;150&#215;150&#8243; alignment=&#8221;center&#8221;][\/vc_column][\/vc_row][vc_row full_width=&#8221;stretch_row&#8221; wrap_container=&#8221;yes&#8221; is_section=&#8221;yes&#8221; css=&#8221;.vc_custom_1578997649984{padding-bottom: 50px !important;background-image: url(https:\/\/www.gtdream.fr\/wp-content\/uploads\/2020\/01\/1-2.jpg?id=199) !important;background-position: center !important;background-repeat: no-repeat !important;background-size: cover !important;}&#8221; el_class=&#8221;order-history&#8221;][vc_column width=&#8221;1\/3&#8243;][\/vc_column][vc_column width=&#8221;1\/3&#8243;][vc_btn title=&#8221;Bulletin d&#8217;inscription&#8221; shape=&#8221;rounded&#8221; color=&#8221;danger&#8221; align=&#8221;center&#8221; link=&#8221;url:https%3A%2F%2Fwww.gtdream.fr%2Fwp-content%2Fuploads%2F2026%2F01%2FBulletin-inscription-Ardeche-supercar.pdf||target:%20_blank|&#8221;][\/vc_column][vc_column width=&#8221;1\/3&#8243;][\/vc_column][\/vc_row]","og_url":"https:\/\/www.gtdream.fr\/en\/ardeche-supercar\/","og_site_name":"www.gtdream.fr","article_modified_time":"2026-01-22T10:56:00+00:00","twitter_card":"summary_large_image","twitter_misc":{"Est. reading time":"1 minute"},"schema":{"@context":"https:\/\/schema.org","@graph":[{"@type":"WebPage","@id":"https:\/\/www.gtdream.fr\/ardeche-supercar\/","url":"https:\/\/www.gtdream.fr\/ardeche-supercar\/","name":"Ard\u00e8che Supercar","isPartOf":{"@id":"https:\/\/www.gtdream.fr\/#website"},"datePublished":"2025-02-26T13:29:27+00:00","dateModified":"2026-01-22T10:56:00+00:00","breadcrumb":{"@id":"https:\/\/www.gtdream.fr\/ardeche-supercar\/#breadcrumb"},"inLanguage":"en-US","potentialAction":[{"@type":"ReadAction","target":["https:\/\/www.gtdream.fr\/ardeche-supercar\/"]}]},{"@type":"BreadcrumbList","@id":"https:\/\/www.gtdream.fr\/ardeche-supercar\/#breadcrumb","itemListElement":[{"@type":"ListItem","position":1,"name":"Accueil","item":"https:\/\/www.gtdream.fr\/"},{"@type":"ListItem","position":2,"name":"Ard\u00e8che Supercar"}]},{"@type":"WebSite","@id":"https:\/\/www.gtdream.fr\/#website","url":"https:\/\/www.gtdream.fr\/","name":"www.gtdream.fr","description":"","potentialAction":[{"@type":"SearchAction","target":{"@type":"EntryPoint","urlTemplate":"https:\/\/www.gtdream.fr\/?s={search_term_string}"},"query-input":{"@type":"PropertyValueSpecification","valueRequired":true,"valueName":"search_term_string"}}],"inLanguage":"en-US"}]}},"_links":{"self":[{"href":"https:\/\/www.gtdream.fr\/en\/wp-json\/wp\/v2\/pages\/1330","targetHints":{"allow":["GET"]}}],"collection":[{"href":"https:\/\/www.gtdream.fr\/en\/wp-json\/wp\/v2\/pages"}],"about":[{"href":"https:\/\/www.gtdream.fr\/en\/wp-json\/wp\/v2\/types\/page"}],"author":[{"embeddable":true,"href":"https:\/\/www.gtdream.fr\/en\/wp-json\/wp\/v2\/users\/1"}],"replies":[{"embeddable":true,"href":"https:\/\/www.gtdream.fr\/en\/wp-json\/wp\/v2\/comments?post=1330"}],"version-history":[{"count":11,"href":"https:\/\/www.gtdream.fr\/en\/wp-json\/wp\/v2\/pages\/1330\/revisions"}],"predecessor-version":[{"id":1376,"href":"https:\/\/www.gtdream.fr\/en\/wp-json\/wp\/v2\/pages\/1330\/revisions\/1376"}],"wp:attachment":[{"href":"https:\/\/www.gtdream.fr\/en\/wp-json\/wp\/v2\/media?parent=1330"}],"curies":[{"name":"wp","href":"https:\/\/api.w.org\/{rel}","templated":true}]}}